{"id":2065,"date":"2025-11-01T21:29:42","date_gmt":"2025-11-01T21:29:42","guid":{"rendered":"https:\/\/varietyoption.com.br\/?page_id=2065"},"modified":"2025-11-01T21:29:44","modified_gmt":"2025-11-01T21:29:44","slug":"4-isencao-de-responsabilidade","status":"publish","type":"page","link":"https:\/\/varietyoption.com.br\/CelularSamsungGalaxyA16\/4-isencao-de-responsabilidade\/","title":{"rendered":"4. Isen\u00e7\u00e3o de Responsabilidade"},"content":{"rendered":"\n<p><strong>Isen\u00e7\u00e3o de Responsabilidade do Variety Option<\/strong><\/p>\n\n\n\n<p>As informa\u00e7\u00f5es contidas no <strong>Variety Option <\/strong>s\u00e3o apenas para fins informativos. N\u00e3o garantimos a precis\u00e3o ou integridade das informa\u00e7\u00f5es.<\/p>\n\n\n\n<p><strong>Links de Afiliados:<\/strong><br>Alguns links podem ser de afiliados, e podemos receber uma comiss\u00e3o se voc\u00ea fizer uma compra.<\/p>\n\n\n\n<p><strong>Responsabilidade:<\/strong><br>N\u00e3o somos respons\u00e1veis por quaisquer danos ou perdas decorrentes do uso das informa\u00e7\u00f5es em nosso site.<\/p>\n\n\n\n<p>Para mais informa\u00e7\u00f5es, entre em contato pelo e-mail Luciano.voyage89@gmail.com<\/p>\n","protected":false},"excerpt":{"rendered":"<p>Isen\u00e7\u00e3o de Responsabilidade do Variety Option As informa\u00e7\u00f5es contidas no Variety Option s\u00e3o apenas para fins informativos. N\u00e3o garantimos a precis\u00e3o ou integridade das informa\u00e7\u00f5es. Links de Afiliados:Alguns links podem ser de afiliados, e podemos receber uma comiss\u00e3o se voc\u00ea fizer uma compra. Responsabilidade:N\u00e3o somos respons\u00e1veis por quaisquer danos ou perdas decorrentes do uso das [&hellip;]<\/p>\n","protected":false},"author":1,"featured_media":0,"parent":0,"menu_order":0,"comment_status":"closed","ping_status":"closed","template":"","meta":{"_uag_custom_page_level_css":"","footnotes":""},"class_list":["post-2065","page","type-page","status-publish","hentry"],"aioseo_notices":[],"_hostinger_reach_plugin_has_subscription_block":false,"_hostinger_reach_plugin_is_elementor":false,"uagb_featured_image_src":{"full":false,"thumbnail":false,"medium":false,"medium_large":false,"large":false,"1536x1536":false,"2048x2048":false,"woocommerce_thumbnail":false,"woocommerce_single":false,"woocommerce_gallery_thumbnail":false},"uagb_author_info":{"display_name":"luciano.voyage89@gmail.com","author_link":"https:\/\/varietyoption.com.br\/CelularSamsungGalaxyA16\/author\/luciano-voyage89gmail-com\/"},"uagb_comment_info":0,"uagb_excerpt":"Isen\u00e7\u00e3o de Responsabilidade do Variety Option As informa\u00e7\u00f5es contidas no Variety Option s\u00e3o apenas para fins informativos. N\u00e3o garantimos a precis\u00e3o ou integridade das informa\u00e7\u00f5es. Links de Afiliados:Alguns links podem ser de afiliados, e podemos receber uma comiss\u00e3o se voc\u00ea fizer uma compra. Responsabilidade:N\u00e3o somos respons\u00e1veis por quaisquer danos ou perdas decorrentes do uso das&hellip;","_links":{"self":[{"href":"https:\/\/varietyoption.com.br\/CelularSamsungGalaxyA16\/wp-json\/wp\/v2\/pages\/2065","targetHints":{"allow":["GET"]}}],"collection":[{"href":"https:\/\/varietyoption.com.br\/CelularSamsungGalaxyA16\/wp-json\/wp\/v2\/pages"}],"about":[{"href":"https:\/\/varietyoption.com.br\/CelularSamsungGalaxyA16\/wp-json\/wp\/v2\/types\/page"}],"author":[{"embeddable":true,"href":"https:\/\/varietyoption.com.br\/CelularSamsungGalaxyA16\/wp-json\/wp\/v2\/users\/1"}],"replies":[{"embeddable":true,"href":"https:\/\/varietyoption.com.br\/CelularSamsungGalaxyA16\/wp-json\/wp\/v2\/comments?post=2065"}],"version-history":[{"count":1,"href":"https:\/\/varietyoption.com.br\/CelularSamsungGalaxyA16\/wp-json\/wp\/v2\/pages\/2065\/revisions"}],"predecessor-version":[{"id":2066,"href":"https:\/\/varietyoption.com.br\/CelularSamsungGalaxyA16\/wp-json\/wp\/v2\/pages\/2065\/revisions\/2066"}],"wp:attachment":[{"href":"https:\/\/varietyoption.com.br\/CelularSamsungGalaxyA16\/wp-json\/wp\/v2\/media?parent=2065"}],"curies":[{"name":"wp","href":"https:\/\/api.w.org\/{rel}","templated":true}]}}