{"id":2063,"date":"2025-11-01T21:29:05","date_gmt":"2025-11-01T21:29:05","guid":{"rendered":"https:\/\/varietyoption.com.br\/?page_id=2063"},"modified":"2025-11-01T21:29:06","modified_gmt":"2025-11-01T21:29:06","slug":"3-sobre-nos","status":"publish","type":"page","link":"https:\/\/varietyoption.com.br\/CelularSamsungGalaxyA16\/3-sobre-nos\/","title":{"rendered":"3. Sobre N\u00f3s"},"content":{"rendered":"\n<p><strong>Sobre N\u00f3s \u2013 Variety Option<\/strong><\/p>\n\n\n\n<p>Bem-vindo ao <strong>Variety Option<\/strong>! Somos apaixonados por ajudar voc\u00ea a encontrar os melhores produtos. Nosso objetivo \u00e9 fornecer an\u00e1lises honestas e imparciais para que voc\u00ea possa tomar decis\u00f5es informadas.<\/p>\n\n\n\n<p><strong>Nossa Equipe:<\/strong><br>somos uma pequena equipe volta da a fazer teste e usos dos produtos apresentados por nos<\/p>\n\n\n\n<p><strong>Nosso Compromisso:<\/strong><br>Estamos comprometidos em fornecer informa\u00e7\u00f5es precisas e atualizadas. Trabalhamos como afiliados, o que significa que podemos receber uma comiss\u00e3o por produtos adquiridos atrav\u00e9s de nossos links.<\/p>\n\n\n\n<p>Para sugest\u00f5es ou d\u00favidas, entre em contato pelo e-mail Luciano.voyage89@gmail.com<\/p>\n\n\n\n<p><\/p>\n","protected":false},"excerpt":{"rendered":"<p>Sobre N\u00f3s \u2013 Variety Option Bem-vindo ao Variety Option! Somos apaixonados por ajudar voc\u00ea a encontrar os melhores produtos. Nosso objetivo \u00e9 fornecer an\u00e1lises honestas e imparciais para que voc\u00ea possa tomar decis\u00f5es informadas. Nossa Equipe:somos uma pequena equipe volta da a fazer teste e usos dos produtos apresentados por nos Nosso Compromisso:Estamos comprometidos em [&hellip;]<\/p>\n","protected":false},"author":1,"featured_media":0,"parent":0,"menu_order":0,"comment_status":"closed","ping_status":"closed","template":"","meta":{"_uag_custom_page_level_css":"","footnotes":""},"class_list":["post-2063","page","type-page","status-publish","hentry"],"aioseo_notices":[],"_hostinger_reach_plugin_has_subscription_block":false,"_hostinger_reach_plugin_is_elementor":false,"uagb_featured_image_src":{"full":false,"thumbnail":false,"medium":false,"medium_large":false,"large":false,"1536x1536":false,"2048x2048":false,"woocommerce_thumbnail":false,"woocommerce_single":false,"woocommerce_gallery_thumbnail":false},"uagb_author_info":{"display_name":"luciano.voyage89@gmail.com","author_link":"https:\/\/varietyoption.com.br\/CelularSamsungGalaxyA16\/author\/luciano-voyage89gmail-com\/"},"uagb_comment_info":0,"uagb_excerpt":"Sobre N\u00f3s \u2013 Variety Option Bem-vindo ao Variety Option! Somos apaixonados por ajudar voc\u00ea a encontrar os melhores produtos. Nosso objetivo \u00e9 fornecer an\u00e1lises honestas e imparciais para que voc\u00ea possa tomar decis\u00f5es informadas. Nossa Equipe:somos uma pequena equipe volta da a fazer teste e usos dos produtos apresentados por nos Nosso Compromisso:Estamos comprometidos em&hellip;","_links":{"self":[{"href":"https:\/\/varietyoption.com.br\/CelularSamsungGalaxyA16\/wp-json\/wp\/v2\/pages\/2063","targetHints":{"allow":["GET"]}}],"collection":[{"href":"https:\/\/varietyoption.com.br\/CelularSamsungGalaxyA16\/wp-json\/wp\/v2\/pages"}],"about":[{"href":"https:\/\/varietyoption.com.br\/CelularSamsungGalaxyA16\/wp-json\/wp\/v2\/types\/page"}],"author":[{"embeddable":true,"href":"https:\/\/varietyoption.com.br\/CelularSamsungGalaxyA16\/wp-json\/wp\/v2\/users\/1"}],"replies":[{"embeddable":true,"href":"https:\/\/varietyoption.com.br\/CelularSamsungGalaxyA16\/wp-json\/wp\/v2\/comments?post=2063"}],"version-history":[{"count":1,"href":"https:\/\/varietyoption.com.br\/CelularSamsungGalaxyA16\/wp-json\/wp\/v2\/pages\/2063\/revisions"}],"predecessor-version":[{"id":2064,"href":"https:\/\/varietyoption.com.br\/CelularSamsungGalaxyA16\/wp-json\/wp\/v2\/pages\/2063\/revisions\/2064"}],"wp:attachment":[{"href":"https:\/\/varietyoption.com.br\/CelularSamsungGalaxyA16\/wp-json\/wp\/v2\/media?parent=2063"}],"curies":[{"name":"wp","href":"https:\/\/api.w.org\/{rel}","templated":true}]}}