{"id":2054,"date":"2025-11-01T21:11:57","date_gmt":"2025-11-01T21:11:57","guid":{"rendered":"https:\/\/varietyoption.com.br\/?page_id=2054"},"modified":"2025-11-01T21:22:01","modified_gmt":"2025-11-01T21:22:01","slug":"1-politica-de-privacidade","status":"publish","type":"page","link":"https:\/\/varietyoption.com.br\/CelularSamsungGalaxyA16\/1-politica-de-privacidade\/","title":{"rendered":"1. Pol\u00edtica de Privacidade"},"content":{"rendered":"\n<p><strong>Pol\u00edtica de Privacidade do varietyoption.com<\/strong><\/p>\n\n\n\n<p>Data de Vig\u00eancia: 26\/10\/2025<\/p>\n\n\n\n<p>No Variety Option, acess\u00edvel em <strong>varietyoption.com<\/strong>, a sua privacidade \u00e9 nossa prioridade. Esta Pol\u00edtica de Privacidade descreve como coletamos, usamos e protegemos suas informa\u00e7\u00f5es.<\/p>\n\n\n\n<p><strong>Informa\u00e7\u00f5es que Coletamos:<\/strong><\/p>\n\n\n\n<ul class=\"wp-block-list\">\n<li>Dados pessoais (nome, e-mail) quando voc\u00ea se inscreve na nossa newsletter.<\/li>\n\n\n\n<li>Dados de navega\u00e7\u00e3o (cookies) para melhorar sua experi\u00eancia.<\/li>\n<\/ul>\n\n\n\n<p><strong>Como Usamos Suas Informa\u00e7\u00f5es:<\/strong><\/p>\n\n\n\n<ul class=\"wp-block-list\">\n<li>Para enviar newsletters e atualiza\u00e7\u00f5es.<\/li>\n\n\n\n<li>Para melhorar nosso conte\u00fado e servi\u00e7os.<\/li>\n<\/ul>\n\n\n\n<p><strong>Seguran\u00e7a:<\/strong><br>Adotamos medidas de seguran\u00e7a para proteger suas informa\u00e7\u00f5es pessoais.<\/p>\n\n\n\n<p><strong>Seus Direitos:<\/strong><br>Voc\u00ea pode solicitar a exclus\u00e3o de suas informa\u00e7\u00f5es pessoais a qualquer momento.<\/p>\n\n\n\n<p>Para mais informa\u00e7\u00f5es, entre em contato pelo e-mail Luciano.voyage89@mail.com<\/p>\n\n\n\n<p>&nbsp;<\/p>\n\n\n\n<p><\/p>\n","protected":false},"excerpt":{"rendered":"<p>Pol\u00edtica de Privacidade do varietyoption.com Data de Vig\u00eancia: 26\/10\/2025 No Variety Option, acess\u00edvel em varietyoption.com, a sua privacidade \u00e9 nossa prioridade. Esta Pol\u00edtica de Privacidade descreve como coletamos, usamos e protegemos suas informa\u00e7\u00f5es. Informa\u00e7\u00f5es que Coletamos: Como Usamos Suas Informa\u00e7\u00f5es: Seguran\u00e7a:Adotamos medidas de seguran\u00e7a para proteger suas informa\u00e7\u00f5es pessoais. Seus Direitos:Voc\u00ea pode solicitar a exclus\u00e3o [&hellip;]<\/p>\n","protected":false},"author":1,"featured_media":0,"parent":0,"menu_order":0,"comment_status":"closed","ping_status":"closed","template":"","meta":{"_uag_custom_page_level_css":"","footnotes":""},"class_list":["post-2054","page","type-page","status-publish","hentry"],"aioseo_notices":[],"_hostinger_reach_plugin_has_subscription_block":false,"_hostinger_reach_plugin_is_elementor":false,"uagb_featured_image_src":{"full":false,"thumbnail":false,"medium":false,"medium_large":false,"large":false,"1536x1536":false,"2048x2048":false,"woocommerce_thumbnail":false,"woocommerce_single":false,"woocommerce_gallery_thumbnail":false},"uagb_author_info":{"display_name":"luciano.voyage89@gmail.com","author_link":"https:\/\/varietyoption.com.br\/CelularSamsungGalaxyA16\/author\/luciano-voyage89gmail-com\/"},"uagb_comment_info":0,"uagb_excerpt":"Pol\u00edtica de Privacidade do varietyoption.com Data de Vig\u00eancia: 26\/10\/2025 No Variety Option, acess\u00edvel em varietyoption.com, a sua privacidade \u00e9 nossa prioridade. Esta Pol\u00edtica de Privacidade descreve como coletamos, usamos e protegemos suas informa\u00e7\u00f5es. Informa\u00e7\u00f5es que Coletamos: Como Usamos Suas Informa\u00e7\u00f5es: Seguran\u00e7a:Adotamos medidas de seguran\u00e7a para proteger suas informa\u00e7\u00f5es pessoais. Seus Direitos:Voc\u00ea pode solicitar a exclus\u00e3o&hellip;","_links":{"self":[{"href":"https:\/\/varietyoption.com.br\/CelularSamsungGalaxyA16\/wp-json\/wp\/v2\/pages\/2054","targetHints":{"allow":["GET"]}}],"collection":[{"href":"https:\/\/varietyoption.com.br\/CelularSamsungGalaxyA16\/wp-json\/wp\/v2\/pages"}],"about":[{"href":"https:\/\/varietyoption.com.br\/CelularSamsungGalaxyA16\/wp-json\/wp\/v2\/types\/page"}],"author":[{"embeddable":true,"href":"https:\/\/varietyoption.com.br\/CelularSamsungGalaxyA16\/wp-json\/wp\/v2\/users\/1"}],"replies":[{"embeddable":true,"href":"https:\/\/varietyoption.com.br\/CelularSamsungGalaxyA16\/wp-json\/wp\/v2\/comments?post=2054"}],"version-history":[{"count":5,"href":"https:\/\/varietyoption.com.br\/CelularSamsungGalaxyA16\/wp-json\/wp\/v2\/pages\/2054\/revisions"}],"predecessor-version":[{"id":2060,"href":"https:\/\/varietyoption.com.br\/CelularSamsungGalaxyA16\/wp-json\/wp\/v2\/pages\/2054\/revisions\/2060"}],"wp:attachment":[{"href":"https:\/\/varietyoption.com.br\/CelularSamsungGalaxyA16\/wp-json\/wp\/v2\/media?parent=2054"}],"curies":[{"name":"wp","href":"https:\/\/api.w.org\/{rel}","templated":true}]}}